{"id":2218,"date":"2026-03-26T14:31:13","date_gmt":"2026-03-26T13:31:13","guid":{"rendered":"https:\/\/jobs.pjm.co.at\/offres-demploi-actuelles\/"},"modified":"2026-03-26T14:31:13","modified_gmt":"2026-03-26T13:31:13","slug":"offres-demploi-actuelles","status":"publish","type":"page","link":"https:\/\/jobs.pjm.co.at\/fr\/offres-demploi-actuelles\/","title":{"rendered":"Offres d&#8217;emploi actuelles"},"content":{"rendered":"\t\t<div data-elementor-type=\"wp-page\" data-elementor-id=\"2218\" class=\"elementor elementor-2218 elementor-405\" data-elementor-post-type=\"page\">\n\t\t\t\t<div class=\"elementor-element elementor-element-dfcbf67 e-con-full e-flex e-con e-parent\" data-id=\"dfcbf67\" data-element_type=\"container\" data-settings=\"{&quot;background_background&quot;:&quot;classic&quot;,&quot;shape_divider_bottom&quot;:&quot;triangle&quot;,&quot;shape_divider_bottom_negative&quot;:&quot;yes&quot;}\">\n\t\t\t\t<div class=\"elementor-shape elementor-shape-bottom\" aria-hidden=\"true\" data-negative=\"true\">\n\t\t\t<svg xmlns=\"http:\/\/www.w3.org\/2000\/svg\" viewBox=\"0 0 1000 100\" preserveAspectRatio=\"none\">\n\t<path class=\"elementor-shape-fill\" d=\"M500.2,94.7L0,0v100h1000V0L500.2,94.7z\"\/>\n<\/svg>\t\t<\/div>\n\t\t\t\t<div class=\"elementor-element elementor-element-209b9d5 elementor-widget elementor-widget-slider_revolution\" data-id=\"209b9d5\" data-element_type=\"widget\" data-widget_type=\"slider_revolution.default\">\n\t\t\t\t<div class=\"elementor-widget-container\">\n\t\t\t\t\t\n\t\t<div class=\"wp-block-themepunch-revslider\">\n\t\t\t<!-- START Aktuelles Jobangebot Serenity Hero 1 REVOLUTION SLIDER 6.7.1 --><p class=\"rs-p-wp-fix\"><\/p>\n\t\t\t<rs-module-wrap id=\"rev_slider_6_1_wrapper\" data-source=\"gallery\" style=\"visibility:hidden;background:#000000;padding:0;\">\n\t\t\t\t<rs-module id=\"rev_slider_6_1\" class=\"rs-respect-topbar\" style=\"\" data-version=\"6.7.1\">\n\t\t\t\t\t<rs-slides style=\"overflow: hidden; position: absolute;\">\n\t\t\t\t\t\t<rs-slide style=\"position: absolute;\" data-key=\"rs-20\" data-title=\"Slide\" data-anim=\"ms:1200ms;\" data-in=\"o:1;x:(100%);\" data-out=\"a:false;\">\n\t\t\t\t\t\t\t<img decoding=\"async\" src=\"\/\/jobs.pjm.co.at\/wp-content\/plugins\/revslider\/sr6\/assets\/assets\/dummy.png\" alt=\"Slide\" title=\"Offres d&#8217;emploi actuelles\" class=\"rev-slidebg tp-rs-img rs-lazyload\" data-lazyload=\"\/\/jobs.pjm.co.at\/wp-content\/plugins\/revslider\/sr6\/assets\/assets\/transparent.png\" data-no-retina>\n<!--\t\t\t\t\t\t--><rs-zone id=\"rrzm_20\" class=\"rev_row_zone_middle\" style=\"z-index: 7;\"><!--\n\n\t\t\t\t\t\t\t\t--><rs-row\n\t\t\t\t\t\t\t\t\tid=\"slider-6-slide-20-layer-14\" \n\t\t\t\t\t\t\t\t\tclass=\"rs-noevents\"\n\t\t\t\t\t\t\t\t\tdata-type=\"row\"\n\t\t\t\t\t\t\t\t\tdata-xy=\"xo:50px;yo:50px;\"\n\t\t\t\t\t\t\t\t\tdata-rsp_bd=\"off\"\n\t\t\t\t\t\t\t\t\tdata-margin=\"r:60,50,50,30;l:60,50,50,30;\"\n\t\t\t\t\t\t\t\t\tdata-frame_0=\"x:right;o:1;\"\n\t\t\t\t\t\t\t\t\tdata-frame_0_reverse=\"x:true;\"\n\t\t\t\t\t\t\t\t\tdata-frame_1=\"e:power2.inOut;sp:1200;\"\n\t\t\t\t\t\t\t\t\tdata-frame_999=\"x:left;y:0px;o:1;e:power2.inOut;st:w;sp:800;sR:7800;sA:9000;\"\n\t\t\t\t\t\t\t\t\tdata-frame_999_reverse=\"x:true;\"\n\t\t\t\t\t\t\t\t\tstyle=\"z-index:6;\"\n\t\t\t\t\t\t\t\t><!--\n\t\t\t\t\t\t\t\t\t--><rs-column\n\t\t\t\t\t\t\t\t\t\tid=\"slider-6-slide-20-layer-17\" \n\t\t\t\t\t\t\t\t\t\tclass=\"rs-noevents\"\n\t\t\t\t\t\t\t\t\t\tdata-type=\"column\"\n\t\t\t\t\t\t\t\t\t\tdata-xy=\"xo:50px;yo:50px;\"\n\t\t\t\t\t\t\t\t\t\tdata-text=\"a:center;\"\n\t\t\t\t\t\t\t\t\t\tdata-rsp_bd=\"off\"\n\t\t\t\t\t\t\t\t\t\tdata-column=\"w:100%;\"\n\t\t\t\t\t\t\t\t\t\tdata-frame_0=\"o:1;\"\n\t\t\t\t\t\t\t\t\t\tdata-frame_999=\"o:1;st:w;sp:800;sR:8700;sA:9000;\"\n\t\t\t\t\t\t\t\t\t\tstyle=\"z-index:6;width:100%;\"\n\t\t\t\t\t\t\t\t\t><!--\n\t\t\t\t\t\t\t\t\t\t--><h1\n\t\t\t\t\t\t\t\t\t\t\tid=\"slider-6-slide-20-layer-13\" \n\t\t\t\t\t\t\t\t\t\t\tclass=\"rs-layer rs-noevents\"\n\t\t\t\t\t\t\t\t\t\t\tdata-type=\"text\"\n\t\t\t\t\t\t\t\t\t\t\tdata-rsp_ch=\"on\"\n\t\t\t\t\t\t\t\t\t\t\tdata-xy=\"x:c;xo:-180px,-148px,-112px,-69px;y:m;yo:20px,16px,12px,7px;\"\n\t\t\t\t\t\t\t\t\t\t\tdata-pos=\"r\"\n\t\t\t\t\t\t\t\t\t\t\tdata-text=\"w:normal;s:240,200,110,70;l:200,180,100,70;a:center;\"\n\t\t\t\t\t\t\t\t\t\t\tdata-dim=\"minh:0px,none,none,none;\"\n\t\t\t\t\t\t\t\t\t\t\tdata-padding=\"t:20,4,3,2;r:0,45,34,21;b:0,4,3,2;l:0,45,34,21;\"\n\t\t\t\t\t\t\t\t\t\t\tdata-ford=\"frame_0;frame_1;frame_2;frame_3;frame_999;\"\n\t\t\t\t\t\t\t\t\t\t\tdata-frame_0=\"x:right;o:0.5;blu:2px;\"\n\t\t\t\t\t\t\t\t\t\t\tdata-frame_0_chars=\"d:5;x:105%;o:1;rY:45deg;rZ:0deg;\"\n\t\t\t\t\t\t\t\t\t\t\tdata-frame_0_reverse=\"x:true;\"\n\t\t\t\t\t\t\t\t\t\t\tdata-frame_1=\"o:0.5;e:power2.inOut;sp:1200;\"\n\t\t\t\t\t\t\t\t\t\t\tdata-frame_999=\"x:left;o:1;e:power2.inOut;st:w;sp:800;sR:5270;\"\n\t\t\t\t\t\t\t\t\t\t\tdata-frame_999_reverse=\"x:true;\"\n\t\t\t\t\t\t\t\t\t\t\tdata-frame_2=\"o:0.5;e:power2.inOut;st:a;sp:600;sR:960;\"\n\t\t\t\t\t\t\t\t\t\t\tdata-frame_3=\"o:1;e:power2.inOut;st:a;sp:600;sR:370;\"\n\t\t\t\t\t\t\t\t\t\t\tstyle=\"z-index:8;font-family:'Bebas Neue';\"\n\t\t\t\t\t\t\t\t\t\t>Offres d'emploi actuelles \n\t\t\t\t\t\t\t\t\t\t<\/h1><!--\n\n\t\t\t\t\t\t\t\t\t\t--><rs-layer\n\t\t\t\t\t\t\t\t\t\t\tid=\"slider-6-slide-20-layer-25\" \n\t\t\t\t\t\t\t\t\t\t\tclass=\"rs-noevents\"\n\t\t\t\t\t\t\t\t\t\t\tdata-type=\"text\"\n\t\t\t\t\t\t\t\t\t\t\tdata-color=\"rgba(255, 255, 255, 0.65)\"\n\t\t\t\t\t\t\t\t\t\t\tdata-rsp_ch=\"on\"\n\t\t\t\t\t\t\t\t\t\t\tdata-xy=\"x:c;xo:-180px,-148px,-112px,-69px;y:m;yo:20px,16px,12px,7px;\"\n\t\t\t\t\t\t\t\t\t\t\tdata-pos=\"r\"\n\t\t\t\t\t\t\t\t\t\t\tdata-text=\"w:normal;s:16,15,15,14;l:50,40,30,28;ls:3px,2px,2px,1px;a:center;\"\n\t\t\t\t\t\t\t\t\t\t\tdata-dim=\"minh:0px,none,none,none;\"\n\t\t\t\t\t\t\t\t\t\t\tdata-padding=\"r:45,37,28,17;b:45,37,28,17;l:45,37,28,17;\"\n\t\t\t\t\t\t\t\t\t\t\tdata-frame_0=\"x:right;\"\n\t\t\t\t\t\t\t\t\t\t\tdata-frame_0_reverse=\"x:true;\"\n\t\t\t\t\t\t\t\t\t\t\tdata-frame_1=\"e:power2.inOut;st:300;sp:1200;sR:300;\"\n\t\t\t\t\t\t\t\t\t\t\tdata-frame_999=\"x:left;o:1;e:power2.inOut;st:w;sp:800;sR:7500;\"\n\t\t\t\t\t\t\t\t\t\t\tdata-frame_999_reverse=\"x:true;\"\n\t\t\t\t\t\t\t\t\t\t\tstyle=\"z-index:7;background-color:rgba(255,255,255,0);font-family:'Manrope';\"\n\t\t\t\t\t\t\t\t\t\t>  \n\t\t\t\t\t\t\t\t\t\t<\/rs-layer><!--\n\n\t\t\t\t\t\t\t\t\t\t--><rs-layer\n\t\t\t\t\t\t\t\t\t\t\tid=\"slider-6-slide-20-layer-24\" \n\t\t\t\t\t\t\t\t\t\t\tdata-type=\"text\"\n\t\t\t\t\t\t\t\t\t\t\tdata-color=\"rgba(255, 255, 255, 0.6)\"\n\t\t\t\t\t\t\t\t\t\t\tdata-rsp_ch=\"on\"\n\t\t\t\t\t\t\t\t\t\t\tdata-xy=\"x:c;xo:-180px,-148px,-112px,-69px;y:m;yo:20px,16px,12px,7px;\"\n\t\t\t\t\t\t\t\t\t\t\tdata-pos=\"r\"\n\t\t\t\t\t\t\t\t\t\t\tdata-text=\"w:normal;s:16,13,13,12;l:70,57,55,50;ls:8px,6px,5px,3px;fw:700;a:center;\"\n\t\t\t\t\t\t\t\t\t\t\tdata-dim=\"minh:0px,none,none,none;\"\n\t\t\t\t\t\t\t\t\t\t\tdata-actions='o:mouseenter;a:gotoframe;layer:slider-6-slide-20-layer-13;f:frame_3;ch:true;||o:mouseleave;a:gotoframe;layer:slider-6-slide-20-layer-13;f:frame_2;ch:true;||o:mouseenter;a:gotoframe;layer:slider-6-slide-20-layer-22;f:frame_2;ch:true;||o:mouseleave;a:gotoframe;layer:slider-6-slide-20-layer-22;f:frame_3;ch:true;||o:mouseenter;a:startlayer;layer:slider-6-slide-20-layer-sta_0;ch:true;||o:mouseleave;a:stoplayer;layer:slider-6-slide-20-layer-sta_0;ch:true;||o:mouseenter;a:startlayer;layer:slider-6-slide-20-layer-sta_10;ch:true;||o:mouseleave;a:stoplayer;layer:slider-6-slide-20-layer-sta_10;ch:true;||o:click;a:scrollbelow;sp:1000ms;e:power1.inOut;'\n\t\t\t\t\t\t\t\t\t\t\tdata-disp=\"inline-block\"\n\t\t\t\t\t\t\t\t\t\t\tdata-padding=\"r:45,37,28,35;l:45,37,28,35;\"\n\t\t\t\t\t\t\t\t\t\t\tdata-border=\"bos:solid;boc:rgba(255, 255, 255, 0.14);bow:0,7px,0,7px;\"\n\t\t\t\t\t\t\t\t\t\t\tdata-frame_0=\"x:right;o:0.5;blu:2px;\"\n\t\t\t\t\t\t\t\t\t\t\tdata-frame_0_reverse=\"x:true;\"\n\t\t\t\t\t\t\t\t\t\t\tdata-frame_1=\"e:power2.inOut;st:200;sp:1200;sR:200;\"\n\t\t\t\t\t\t\t\t\t\t\tdata-frame_999=\"x:left;o:1;e:power2.inOut;st:w;sp:800;sR:7600;\"\n\t\t\t\t\t\t\t\t\t\t\tdata-frame_999_reverse=\"x:true;\"\n\t\t\t\t\t\t\t\t\t\t\tdata-frame_hover=\"c:#fff;bgc:rgba(255,255,255,0.15);boc:rgba(255,255,255,0);bor:0px,0px,0px,0px;bos:solid;bow:0,7px,0,7px;\"\n\t\t\t\t\t\t\t\t\t\t\tstyle=\"z-index:6;background-color:rgba(255,255,255,0);font-family:'Manrope';text-transform:uppercase;cursor:pointer;display:inline-block;\"\n\t\t\t\t\t\t\t\t\t\t>plus \n\t\t\t\t\t\t\t\t\t\t<\/rs-layer><!--\n\t\t\t\t\t\t\t\t\t--><\/rs-column><!--\n\t\t\t\t\t\t\t\t--><\/rs-row><!--\n\t\t\t\t\t\t\t--><\/rs-zone><!--\n\n\t\t\t\t\t\t\t--><rs-layer\n\t\t\t\t\t\t\t\tid=\"slider-6-slide-20-layer-3\" \n\t\t\t\t\t\t\t\tdata-type=\"shape\"\n\t\t\t\t\t\t\t\tdata-rsp_ch=\"on\"\n\t\t\t\t\t\t\t\tdata-xy=\"x:c;y:m;\"\n\t\t\t\t\t\t\t\tdata-text=\"w:normal;s:20,16,12,7;l:0,20,15,9;\"\n\t\t\t\t\t\t\t\tdata-dim=\"w:#1\/3#;h:100%;\"\n\t\t\t\t\t\t\t\tdata-vbility=\"t,t,f,f\"\n\t\t\t\t\t\t\t\tdata-actions='o:mouseenter;a:startlayer;layer:slider-6-slide-20-layer-sta_0;ch:true;||o:mouseleave;a:stoplayer;layer:slider-6-slide-20-layer-sta_0;ch:true;||o:mouseenter;a:startlayer;layer:slider-6-slide-20-layer-sta_10;ch:true;||o:mouseleave;a:stoplayer;layer:slider-6-slide-20-layer-sta_10;ch:true;||o:mouseenter;a:gotoframe;layer:slider-6-slide-20-layer-13;f:frame_3;ch:true;||o:mouseleave;a:gotoframe;layer:slider-6-slide-20-layer-13;f:frame_2;ch:true;||o:mouseenter;a:gotoframe;layer:slider-6-slide-20-layer-22;f:frame_2;ch:true;||o:mouseleave;a:gotoframe;layer:slider-6-slide-20-layer-22;f:frame_3;ch:true;'\n\t\t\t\t\t\t\t\tdata-basealign=\"slide\"\n\t\t\t\t\t\t\t\tdata-frame_1=\"st:1500;sR:1500;\"\n\t\t\t\t\t\t\t\tdata-frame_999=\"o:0;st:w;sR:7200;\"\n\t\t\t\t\t\t\t\tstyle=\"z-index:5;\"\n\t\t\t\t\t\t\t> \n\t\t\t\t\t\t\t<\/rs-layer><!--\n\n\t\t\t\t\t\t\t--><rs-layer\n\t\t\t\t\t\t\t\tid=\"slider-6-slide-20-layer-22\" \n\t\t\t\t\t\t\t\tclass=\"rs-noevents rs-mtrap\"\n\t\t\t\t\t\t\t\tdata-type=\"shape\"\n\t\t\t\t\t\t\t\tdata-rsp_ch=\"on\"\n\t\t\t\t\t\t\t\tdata-xy=\"x:c;y:m;\"\n\t\t\t\t\t\t\t\tdata-text=\"w:normal;s:20,16,12,7;l:0,20,15,9;\"\n\t\t\t\t\t\t\t\tdata-dim=\"w:110%;h:110%;\"\n\t\t\t\t\t\t\t\tdata-basealign=\"slide\"\n\t\t\t\t\t\t\t\tdata-ford=\"frame_0;frame_1;frame_2;frame_3;frame_999;\"\n\t\t\t\t\t\t\t\tdata-frame_0=\"x:-100%;gra:100%;bri:70%;\"\n\t\t\t\t\t\t\t\tdata-frame_0_reverse=\"x:true;\"\n\t\t\t\t\t\t\t\tdata-frame_1=\"e:power2.inOut;sp:1200;gra:20%;bri:50%;blu:3px;\"\n\t\t\t\t\t\t\t\tdata-frame_1_lines=\"d:5;\"\n\t\t\t\t\t\t\t\tdata-frame_999=\"x:100%;y:0px;sX:1;sY:1;o:0;e:power2.inOut;st:w;sp:800;sR:5270;gra:100%;bri:70%;blu:3px;\"\n\t\t\t\t\t\t\t\tdata-frame_999_reverse=\"x:true;\"\n\t\t\t\t\t\t\t\tdata-frame_2=\"e:power2.inOut;st:a;sp:600;sR:960;bri:80%;blu:0px;\"\n\t\t\t\t\t\t\t\tdata-frame_3=\"e:power2.inOut;st:a;sp:600;sR:370;gra:20%;bri:50%;blu:3px;\"\n\t\t\t\t\t\t\t\tdata-mousetrap='d:700ms;e:power2.out;mr:3px,2px,1px,0px;r:t;rs:700ms;re:power2.out;mc:t;rxd:v;rxmin:0.5;rxmax:-0.5;rxo:100%;rxc:s;ryd:h;rymin:-0.5;rymax:0.5;ryo:100%;ryc:s;rus:500ms;rue:power2.out;ox:;oy:;' \n\t\t\t\t\t\t\t\tstyle=\"z-index:4;\"\n\t\t\t\t\t\t\t><rs-bg-elem style=\"background: url('\/\/jobs.pjm.co.at\/wp-content\/uploads\/2024\/04\/PJM_DSC01189-1.jpg') no-repeat center center; background-size: cover;\"><\/rs-bg-elem>\n \n\t\t\t\t\t\t\t<\/rs-layer><!--\n-->\t\t\t\t\t<\/rs-slide>\n\t\t\t\t\t<\/rs-slides>\n\t\t\t\t\t<rs-static-layers><!--\n\t\t\t\t\t--><\/rs-static-layers>\n\t\t\t\t<\/rs-module>\n\t\t\t\t<script>\n\t\t\t\t\tsetREVStartSize({c: 'rev_slider_6_1',rl:[1240,1024,778,480],el:[900,768,960,720],gw:[1240,1024,778,480],gh:[900,768,960,720],type:'standard',justify:'',layout:'fullscreen',offsetContainer:'#masthead',offset:'',mh:\"0\"});if (window.RS_MODULES!==undefined && window.RS_MODULES.modules!==undefined && window.RS_MODULES.modules[\"revslider61\"]!==undefined) {window.RS_MODULES.modules[\"revslider61\"].once = false;window.revapi6 = undefined;if (window.RS_MODULES.checkMinimal!==undefined) window.RS_MODULES.checkMinimal()}\n\t\t\t\t<\/script>\n\t\t\t<\/rs-module-wrap>\n\t\t\t<!-- END REVOLUTION SLIDER -->\n<\/div>\n\n\t\t\t\t\t\t<\/div>\n\t\t\t\t<\/div>\n\t\t\t\t<\/div>\n\t\t<div class=\"elementor-element elementor-element-831c57c e-flex e-con-boxed e-con e-parent\" data-id=\"831c57c\" data-element_type=\"container\">\n\t\t\t\t\t<div class=\"e-con-inner\">\n\t\t\t\t<div class=\"elementor-element elementor-element-7349534 elementor-widget elementor-widget-heading\" data-id=\"7349534\" data-element_type=\"widget\" data-widget_type=\"heading.default\">\n\t\t\t\t<div class=\"elementor-widget-container\">\n\t\t\t\t\t<h1 class=\"elementor-heading-title elementor-size-default\">Ing\u00e9nieur de mesure (h\/f\/d)<\/h1>\t\t\t\t<\/div>\n\t\t\t\t<\/div>\n\t\t\t\t\t<\/div>\n\t\t\t\t<\/div>\n\t\t<div class=\"elementor-element elementor-element-986f795 e-flex e-con-boxed e-con e-parent\" data-id=\"986f795\" data-element_type=\"container\">\n\t\t\t\t\t<div class=\"e-con-inner\">\n\t\t<div class=\"elementor-element elementor-element-31c81f4 e-con-full e-flex elementor-invisible e-con e-child\" data-id=\"31c81f4\" data-element_type=\"container\" data-settings=\"{&quot;animation&quot;:&quot;fadeInLeft&quot;,&quot;animation_mobile&quot;:&quot;none&quot;}\">\n\t\t\t\t<div class=\"elementor-element elementor-element-7095a2c elementor-widget elementor-widget-text-editor\" data-id=\"7095a2c\" data-element_type=\"widget\" data-widget_type=\"text-editor.default\">\n\t\t\t\t<div class=\"elementor-widget-container\">\n\t\t\t\t\t\t\t\t\t<p><strong>T\u00e2ches :<\/strong><\/p>\n<ul>\n<li>R\u00e9alisation de tests et de mesures chez les clients sur place et en laboratoire<\/li>\n<li>Analyse des donn\u00e9es collect\u00e9es<\/li>\n<li>R\u00e9daction de rapports<\/li>\n<li>Gestion de projet<\/li>\n<\/ul>\n\t\t\t\t\t\t\t\t<\/div>\n\t\t\t\t<\/div>\n\t\t\t\t<\/div>\n\t\t<div class=\"elementor-element elementor-element-51b0502 e-con-full e-flex elementor-invisible e-con e-child\" data-id=\"51b0502\" data-element_type=\"container\" data-settings=\"{&quot;animation&quot;:&quot;fadeInLeft&quot;,&quot;animation_mobile&quot;:&quot;none&quot;}\">\n\t\t\t\t<div class=\"elementor-element elementor-element-e5ba0bd elementor-widget elementor-widget-text-editor\" data-id=\"e5ba0bd\" data-element_type=\"widget\" data-widget_type=\"text-editor.default\">\n\t\t\t\t<div class=\"elementor-widget-container\">\n\t\t\t\t\t\t\t\t\t<p><strong>Exigences professionnelles :<\/strong><\/p>\n<ul>\n<li>Formation technique achev\u00e9e, de pr\u00e9f\u00e9rence dans le domaine de la construction m\u00e9canique \/ \u00e9lectrotechnique \/ physique ou similaire (TU \/ FH \/ HTL)<\/li>\n<li>Exp\u00e9rience professionnelle souhaitable<\/li>\n<li>Exp\u00e9rience en technique de course, dynamique de conduite est un avantage <\/li>\n<li>Exp\u00e9rience dans l&rsquo;utilisation de syst\u00e8mes de bus est un avantage (CAN)<\/li>\n<li>Connaissances de base en technique de r\u00e9seau un avantage (mise en place de r\u00e9seaux TCP\/IP)<\/li>\n<\/ul>\n\t\t\t\t\t\t\t\t<\/div>\n\t\t\t\t<\/div>\n\t\t\t\t<\/div>\n\t\t<div class=\"elementor-element elementor-element-967ed2e e-con-full e-flex elementor-invisible e-con e-child\" data-id=\"967ed2e\" data-element_type=\"container\" data-settings=\"{&quot;animation&quot;:&quot;fadeInLeft&quot;,&quot;animation_mobile&quot;:&quot;none&quot;}\">\n\t\t\t\t<div class=\"elementor-element elementor-element-79fe873 elementor-widget elementor-widget-text-editor\" data-id=\"79fe873\" data-element_type=\"widget\" data-widget_type=\"text-editor.default\">\n\t\t\t\t<div class=\"elementor-widget-container\">\n\t\t\t\t\t\t\t\t\t<p><strong>Exigences :<\/strong><\/p>\n<ul>\n<li>Connaissances linguistiques (excellent allemand et anglais courant)<\/li>\n<li>Volont\u00e9 de se familiariser avec un nouveau domaine de sp\u00e9cialisation <\/li>\n<li>Conscience de la qualit\u00e9<\/li>\n<li>Disponibilit\u00e9 \u00e0 voyager (env. 40% dans le monde entier)<\/li>\n<li>Capacit\u00e9 d&rsquo;organisation <\/li>\n<li>Capacit\u00e9 \u00e0 travailler en \u00e9quipe <\/li>\n<li>Flexibilit\u00e9<\/li>\n<\/ul>\n\t\t\t\t\t\t\t\t<\/div>\n\t\t\t\t<\/div>\n\t\t\t\t<\/div>\n\t\t<div class=\"elementor-element elementor-element-1b15e9f e-con-full e-flex elementor-invisible e-con e-child\" data-id=\"1b15e9f\" data-element_type=\"container\" data-settings=\"{&quot;animation&quot;:&quot;fadeInLeft&quot;,&quot;animation_mobile&quot;:&quot;none&quot;}\">\n\t\t\t\t<div class=\"elementor-element elementor-element-d49a713 elementor-widget elementor-widget-text-editor\" data-id=\"d49a713\" data-element_type=\"widget\" data-widget_type=\"text-editor.default\">\n\t\t\t\t<div class=\"elementor-widget-container\">\n\t\t\t\t\t\t\t\t\t<p><strong>Nous offrons :<\/strong><\/p>\n<ul>\n<li>Un climat de travail ouvert et convivial<\/li>\n<li>Vaste programme de formation et de perfectionnement<\/li>\n<li>Domaine d&rsquo;activit\u00e9 autonome et vari\u00e9<\/li>\n<li>Salaire minimum de 3 000 EUR brut. Le salaire r\u00e9el d\u00e9pend de l&rsquo;exp\u00e9rience et de la formation<\/li>\n<li>Possibilit\u00e9 de commencer d\u00e8s maintenant <\/li>\n<li>En savoir plus sur nos avantages : <a href=\"https:\/\/pjm.co.at\/mit-uns\/\">https:\/\/pjm.co.at\/mit-uns\/<\/a><\/li>\n<\/ul>\n\t\t\t\t\t\t\t\t<\/div>\n\t\t\t\t<\/div>\n\t\t\t\t<\/div>\n\t\t<div class=\"elementor-element elementor-element-7e42ed5 e-flex e-con-boxed e-con e-child\" data-id=\"7e42ed5\" data-element_type=\"container\">\n\t\t\t\t\t<div class=\"e-con-inner\">\n\t\t\t\t<div class=\"elementor-element elementor-element-c8be00e elementor-widget-divider--view-line_icon elementor-view-default elementor-widget-divider--element-align-center elementor-widget elementor-widget-divider\" data-id=\"c8be00e\" data-element_type=\"widget\" data-widget_type=\"divider.default\">\n\t\t\t\t<div class=\"elementor-widget-container\">\n\t\t\t\t\t\t\t<div class=\"elementor-divider\">\n\t\t\t<span class=\"elementor-divider-separator\">\n\t\t\t\t\t\t\t<div class=\"elementor-icon elementor-divider__element\">\n\t\t\t\t\t<svg aria-hidden=\"true\" class=\"e-font-icon-svg e-far-edit\" viewBox=\"0 0 576 512\" xmlns=\"http:\/\/www.w3.org\/2000\/svg\"><path d=\"M402.3 344.9l32-32c5-5 13.7-1.5 13.7 5.7V464c0 26.5-21.5 48-48 48H48c-26.5 0-48-21.5-48-48V112c0-26.5 21.5-48 48-48h273.5c7.1 0 10.7 8.6 5.7 13.7l-32 32c-1.5 1.5-3.5 2.3-5.7 2.3H48v352h352V350.5c0-2.1.8-4.1 2.3-5.6zm156.6-201.8L296.3 405.7l-90.4 10c-26.2 2.9-48.5-19.2-45.6-45.6l10-90.4L432.9 17.1c22.9-22.9 59.9-22.9 82.7 0l43.2 43.2c22.9 22.9 22.9 60 .1 82.8zM460.1 174L402 115.9 216.2 301.8l-7.3 65.3 65.3-7.3L460.1 174zm64.8-79.7l-43.2-43.2c-4.1-4.1-10.8-4.1-14.8 0L436 82l58.1 58.1 30.9-30.9c4-4.2 4-10.8-.1-14.9z\"><\/path><\/svg><\/div>\n\t\t\t\t\t\t<\/span>\n\t\t<\/div>\n\t\t\t\t\t\t<\/div>\n\t\t\t\t<\/div>\n\t\t\t\t\t<\/div>\n\t\t\t\t<\/div>\n\t\t\t\t\t<\/div>\n\t\t\t\t<\/div>\n\t\t<div class=\"elementor-element elementor-element-c62d635 e-flex e-con-boxed e-con e-parent\" data-id=\"c62d635\" data-element_type=\"container\">\n\t\t\t\t\t<div class=\"e-con-inner\">\n\t\t\t\t<div class=\"elementor-element elementor-element-6f96f88 elementor-widget elementor-widget-text-editor\" data-id=\"6f96f88\" data-element_type=\"widget\" data-widget_type=\"text-editor.default\">\n\t\t\t\t<div class=\"elementor-widget-container\">\n\t\t\t\t\t\t\t\t\t<p><strong>Nous avons \u00e9veill\u00e9 votre int\u00e9r\u00eat ? Dans ce cas, nous nous r\u00e9jouissons de votre candidature !<\/strong><\/p>\n\t\t\t\t\t\t\t\t<\/div>\n\t\t\t\t<\/div>\n\t\t\t\t\t<\/div>\n\t\t\t\t<\/div>\n\t\t<div class=\"elementor-element elementor-element-e99fdb4 e-flex e-con-boxed e-con e-parent\" data-id=\"e99fdb4\" data-element_type=\"container\">\n\t\t\t\t\t<div class=\"e-con-inner\">\n\t\t<div class=\"elementor-element elementor-element-e6876b2 e-con-full e-flex elementor-invisible e-con e-child\" data-id=\"e6876b2\" data-element_type=\"container\" data-settings=\"{&quot;animation&quot;:&quot;fadeInUp&quot;}\">\n\t\t\t\t<div class=\"elementor-element elementor-element-f9f8e9b elementor-widget__width-inherit elementor-widget-mobile__width-inherit elementor-button-align-stretch elementor-widget elementor-widget-form\" data-id=\"f9f8e9b\" data-element_type=\"widget\" data-settings=\"{&quot;step_next_label&quot;:&quot;Prochain&quot;,&quot;step_previous_label&quot;:&quot;Pr\\u00e9c\\u00e9dent&quot;,&quot;step_type&quot;:&quot;text&quot;,&quot;button_width&quot;:&quot;100&quot;}\" data-widget_type=\"form.default\">\n\t\t\t\t<div class=\"elementor-widget-container\">\n\t\t\t\t\t\t\t<form class=\"elementor-form\" method=\"post\" name=\"Formular_Ingenieur_Pruefleistungen\">\n\t\t\t<input type=\"hidden\" name=\"post_id\" value=\"2218\"\/>\n\t\t\t<input type=\"hidden\" name=\"form_id\" value=\"f9f8e9b\"\/>\n\t\t\t<input type=\"hidden\" name=\"referer_title\" value=\"Offres d&#8217;emploi actuelles\" \/>\n\n\t\t\t\t\t\t\t<input type=\"hidden\" name=\"queried_id\" value=\"2218\"\/>\n\t\t\t\n\t\t\t<div class=\"elementor-form-fields-wrapper elementor-labels-above\">\n\t\t\t\t\t\t\t\t<div class=\"elementor-field-type-text elementor-field-group elementor-column elementor-field-group-vorname elementor-col-100 elementor-field-required elementor-mark-required\">\n\t\t\t\t\t\t\t\t\t\t\t\t\t<input size=\"1\" type=\"text\" name=\"form_fields[vorname]\" id=\"form-field-vorname\" class=\"elementor-field elementor-size-sm  elementor-field-textual\" placeholder=\"Pr\u00e9nom *\" required=\"required\">\n\t\t\t\t\t\t\t\t\t\t\t<\/div>\n\t\t\t\t\t\t\t\t<div class=\"elementor-field-type-text elementor-field-group elementor-column elementor-field-group-nachname elementor-col-100 elementor-field-required elementor-mark-required\">\n\t\t\t\t\t\t\t\t\t\t\t\t\t<input size=\"1\" type=\"text\" name=\"form_fields[nachname]\" id=\"form-field-nachname\" class=\"elementor-field elementor-size-sm  elementor-field-textual\" placeholder=\"Nom de famille *\" required=\"required\">\n\t\t\t\t\t\t\t\t\t\t\t<\/div>\n\t\t\t\t\t\t\t\t<div class=\"elementor-field-type-email elementor-field-group elementor-column elementor-field-group-email elementor-col-100 elementor-field-required elementor-mark-required\">\n\t\t\t\t\t\t\t\t\t\t\t\t\t<input size=\"1\" type=\"email\" name=\"form_fields[email]\" id=\"form-field-email\" class=\"elementor-field elementor-size-sm  elementor-field-textual\" placeholder=\"Adresse \u00e9lectronique *\" required=\"required\">\n\t\t\t\t\t\t\t\t\t\t\t<\/div>\n\t\t\t\t\t\t\t\t<div class=\"elementor-field-type-upload elementor-field-group elementor-column elementor-field-group-lebenslauf elementor-col-100 elementor-field-required elementor-mark-required\">\n\t\t\t\t\t\t\t\t\t\t\t\t<label for=\"form-field-lebenslauf\" class=\"elementor-field-label\">\n\t\t\t\t\t\t\t\tCurriculum vitae\t\t\t\t\t\t\t<\/label>\n\t\t\t\t\t\t\t\t<input type=\"file\" name=\"form_fields[lebenslauf]\" id=\"form-field-lebenslauf\" class=\"elementor-field elementor-size-sm  elementor-upload-field\" required=\"required\">\n\n\t\t\t\t\t\t<\/div>\n\t\t\t\t\t\t\t\t<div class=\"elementor-field-type-upload elementor-field-group elementor-column elementor-field-group-bewerbungsschreiben elementor-col-100\">\n\t\t\t\t\t\t\t\t\t\t\t\t<label for=\"form-field-bewerbungsschreiben\" class=\"elementor-field-label\">\n\t\t\t\t\t\t\t\tVous souhaitez transmettre une lettre de motivation ?\t\t\t\t\t\t\t<\/label>\n\t\t\t\t\t\t\t\t<input type=\"file\" name=\"form_fields[bewerbungsschreiben]\" id=\"form-field-bewerbungsschreiben\" class=\"elementor-field elementor-size-sm  elementor-upload-field\">\n\n\t\t\t\t\t\t<\/div>\n\t\t\t\t\t\t\t\t<div class=\"elementor-field-type-textarea elementor-field-group elementor-column elementor-field-group-message elementor-col-100\">\n\t\t\t\t\t<textarea class=\"elementor-field-textual elementor-field  elementor-size-sm\" name=\"form_fields[message]\" id=\"form-field-message\" rows=\"4\" placeholder=\"Souhaitez-vous nous faire part de quelque chose d&#039;autre ?\"><\/textarea>\t\t\t\t<\/div>\n\t\t\t\t\t\t\t\t<div class=\"elementor-field-type-checkbox elementor-field-group elementor-column elementor-field-group-field_datenschutz elementor-col-100\">\n\t\t\t\t\t<div class=\"elementor-field-subgroup  \"><span class=\"elementor-field-option\"><input type=\"checkbox\" value=\"J&#039;autorise le traitement de mes donn\u00e9es pour cette candidature.\" id=\"form-field-field_datenschutz-0\" name=\"form_fields[field_datenschutz]\"> <label for=\"form-field-field_datenschutz-0\">J'autorise le traitement de mes donn\u00e9es pour cette candidature.<\/label><\/span><\/div>\t\t\t\t<\/div>\n\t\t\t\t\t\t\t\t<div class=\"elementor-field-group elementor-column elementor-field-type-submit elementor-col-100 e-form__buttons\">\n\t\t\t\t\t<button class=\"elementor-button elementor-size-sm\" type=\"submit\">\n\t\t\t\t\t\t<span class=\"elementor-button-content-wrapper\">\n\t\t\t\t\t\t\t\t\t\t\t\t\t\t\t\t\t\t\t\t\t\t<span class=\"elementor-button-text\">Envoyer la candidature<\/span>\n\t\t\t\t\t\t\t\t\t\t\t\t\t<\/span>\n\t\t\t\t\t<\/button>\n\t\t\t\t<\/div>\n\t\t\t<\/div>\n\t\t<\/form>\n\t\t\t\t\t\t<\/div>\n\t\t\t\t<\/div>\n\t\t\t\t<\/div>\n\t\t<div class=\"elementor-element elementor-element-fa7b2cf e-con-full e-flex elementor-invisible e-con e-child\" data-id=\"fa7b2cf\" data-element_type=\"container\" data-settings=\"{&quot;animation&quot;:&quot;fadeInUp&quot;}\">\n\t\t\t\t<div class=\"elementor-element elementor-element-76ae229 elementor-widget elementor-widget-image\" data-id=\"76ae229\" data-element_type=\"widget\" data-widget_type=\"image.default\">\n\t\t\t\t<div class=\"elementor-widget-container\">\n\t\t\t\t\t\t\t\t\t\t\t\t\t\t\t<img decoding=\"async\" src=\"https:\/\/jobs.pjm.co.at\/wp-content\/uploads\/2024\/04\/89-DSC00101.jpg\" title=\"\" alt=\"\" loading=\"lazy\" \/>\t\t\t\t\t\t\t\t\t\t\t\t\t\t\t<\/div>\n\t\t\t\t<\/div>\n\t\t\t\t<\/div>\n\t\t\t\t\t<\/div>\n\t\t\t\t<\/div>\n\t\t\t\t<\/div>\n\t\t","protected":false},"excerpt":{"rendered":"<p>Ing\u00e9nieur de mesure (h\/f\/d) T\u00e2ches : R\u00e9alisation de tests et de mesures chez les clients sur place et en laboratoire Analyse des donn\u00e9es collect\u00e9es R\u00e9daction de rapports Gestion de projet Exigences professionnelles : Formation technique achev\u00e9e, de pr\u00e9f\u00e9rence dans le domaine de la construction m\u00e9canique \/ \u00e9lectrotechnique \/ physique ou similaire (TU \/ FH \/ [&hellip;]<\/p>\n","protected":false},"author":1,"featured_media":0,"parent":0,"menu_order":0,"comment_status":"closed","ping_status":"closed","template":"","meta":{"footnotes":""},"class_list":["post-2218","page","type-page","status-publish","hentry"],"_links":{"self":[{"href":"https:\/\/jobs.pjm.co.at\/fr\/wp-json\/wp\/v2\/pages\/2218","targetHints":{"allow":["GET"]}}],"collection":[{"href":"https:\/\/jobs.pjm.co.at\/fr\/wp-json\/wp\/v2\/pages"}],"about":[{"href":"https:\/\/jobs.pjm.co.at\/fr\/wp-json\/wp\/v2\/types\/page"}],"author":[{"embeddable":true,"href":"https:\/\/jobs.pjm.co.at\/fr\/wp-json\/wp\/v2\/users\/1"}],"replies":[{"embeddable":true,"href":"https:\/\/jobs.pjm.co.at\/fr\/wp-json\/wp\/v2\/comments?post=2218"}],"version-history":[{"count":3,"href":"https:\/\/jobs.pjm.co.at\/fr\/wp-json\/wp\/v2\/pages\/2218\/revisions"}],"predecessor-version":[{"id":2274,"href":"https:\/\/jobs.pjm.co.at\/fr\/wp-json\/wp\/v2\/pages\/2218\/revisions\/2274"}],"wp:attachment":[{"href":"https:\/\/jobs.pjm.co.at\/fr\/wp-json\/wp\/v2\/media?parent=2218"}],"curies":[{"name":"wp","href":"https:\/\/api.w.org\/{rel}","templated":true}]}}